{"id":2,"date":"2021-04-22T12:01:29","date_gmt":"2021-04-22T12:01:29","guid":{"rendered":"https:\/\/forskningsdata.dk\/rdmnetvaerk\/?page_id=2"},"modified":"2022-08-23T06:44:21","modified_gmt":"2022-08-23T06:44:21","slug":"sample-page","status":"publish","type":"page","link":"https:\/\/forskningsdata.dk\/rdmnetvaerk\/","title":{"rendered":"Nationalt Research Data Management Netv\u00e6rk"},"content":{"rendered":"\n<h2 class=\"wp-block-heading\"><strong>Baggrund<\/strong><\/h2>\n\n\n\n<p>H\u00e5ndtering af forskningsdata p\u00e5 struktureret og b\u00e6redygtig vis kr\u00e6ver viden, interesse og kompetencer. Igennem flere \u00e5r har ansatte p\u00e5 danske forskningsinstitutioner m\u00f8dtes og udviklet v\u00e6rkt\u00f8jer til at fremme viden og kompetencer inden for research data management (RDM). Dette er tidligere sket i regi af DM Forum under DeiC, DEFF og den danske node under Research Data Alliance. Da disse initiativer udl\u00f8b opstod et behov for at vedligeholde kontakt og mulighed for sparring. Nationalt RDM Netv\u00e6rk blev derfor etableret i november 2020 med det prim\u00e6re form\u00e5l at fungere som et uafh\u00e6ngigt sparrings-netv\u00e6rk for personer med arbejdsomr\u00e5de indenfor eller interesse for RDM.<\/p>\n\n\n\n<h2 class=\"wp-block-heading\"><strong>Form\u00e5l<\/strong><\/h2>\n\n\n\n<p>Mange af netv\u00e6rkets medlemmer har en front-office-funktion p\u00e5 institutionerne. Ofte vil Nationalt RDM&nbsp;Netv\u00e6rk derfor samarbejde og&nbsp;vidensudveksle&nbsp;p\u00e5&nbsp;front office-delen, for eksempel omkring udbredelse af FAIR, undervisningstiltag og RDM-kompetenceudvikling.&nbsp;Netv\u00e6rket kan benyttes til at udvikle og&nbsp;samarbejde&nbsp;omkring kompetencer og&nbsp;v\u00e6rkt\u00f8jer og er \u00e5ben for al vidensudveksling og nye initiativer p\u00e5 RDM-omr\u00e5det.<\/p>\n\n\n\n<p>Bliver du en del af netv\u00e6rket kan du f\u00e5 hj\u00e6lp til at identificere v\u00e6rkt\u00f8jer og ressourcer til dit daglige arbejde. Vi hj\u00e6lper hinanden med at holde os opdateret p\u00e5 nationale og internationale initiativer og retningslinjer.<\/p>\n\n\n\n<p>Hvert halve \u00e5r afholdes et arrangement med tilh\u00f8rende medlemsm\u00f8de. Dette udbydes af en af de deltagende institutioner og kan v\u00e6re opl\u00e6g, workshop eller et Train-the-Trainer-event.<\/p>\n\n\n\n<h2 class=\"wp-block-heading\">Kontakt<\/h2>\n\n\n\n<p>Det er DTU der st\u00e5r for administrationen af netv\u00e6rket. Kontakt <a href=\"mailto:datamanagement@dtu.dk\">datamanagement@dtu.dk<\/a>\u00a0 hvis du vil h\u00f8re mere eller meldes ind.<\/p>\n\n\n\n<p>Vores medlemsplatform og prim\u00e6re kommunikationskanal er via Teams.<\/p>\n\n\n\n<h2 class=\"wp-block-heading\"><strong>Medlemskab<\/strong><\/h2>\n\n\n\n<p>Alle med interesser for RDM og FAIR-principperne kan blive medlemmer. Medlemskab er gratis, da institutionerne p\u00e5 skift st\u00e5r for administration, m\u00f8der og arrangementer. Er du ene person i en organisation\/institution skal det ikke afskr\u00e6kke dig fra at melde dig ind. Du vil finde dygtige og rare personer at g\u00e5 sammen med, n\u00e5r turen n\u00e5r til dig.<\/p>\n\n\n\n<p>Da medlemmernes arbejde betales af deres institutionerne, er arbejdet, der udf\u00f8res i\u00a0netv\u00e6rket, til gavn for institutionerne, og kan have direkte indflydelse p\u00e5 den front office-rolle og service, som medlemmerne tilbyder egne forskere.\u00a0<\/p>\n","protected":false},"excerpt":{"rendered":"<p>Baggrund H\u00e5ndtering af forskningsdata p\u00e5 struktureret og b\u00e6redygtig vis kr\u00e6ver viden, interesse og kompetencer. Igennem flere \u00e5r har ansatte p\u00e5 danske forskningsinstitutioner m\u00f8dtes og udviklet v\u00e6rkt\u00f8jer til at fremme viden og kompetencer inden for research data management (RDM). Dette er tidligere sket i regi af DM Forum under DeiC, DEFF og den danske node under&hellip; <a class=\"more-link\" href=\"https:\/\/forskningsdata.dk\/rdmnetvaerk\/\">L\u00e6s mere <span class=\"screen-reader-text\">Nationalt Research Data Management Netv\u00e6rk<\/span><\/a><\/p>\n","protected":false},"author":4,"featured_media":0,"parent":0,"menu_order":0,"comment_status":"closed","ping_status":"open","template":"","meta":{"footnotes":""},"_links":{"self":[{"href":"https:\/\/forskningsdata.dk\/rdmnetvaerk\/wp-json\/wp\/v2\/pages\/2"}],"collection":[{"href":"https:\/\/forskningsdata.dk\/rdmnetvaerk\/wp-json\/wp\/v2\/pages"}],"about":[{"href":"https:\/\/forskningsdata.dk\/rdmnetvaerk\/wp-json\/wp\/v2\/types\/page"}],"author":[{"embeddable":true,"href":"https:\/\/forskningsdata.dk\/rdmnetvaerk\/wp-json\/wp\/v2\/users\/4"}],"replies":[{"embeddable":true,"href":"https:\/\/forskningsdata.dk\/rdmnetvaerk\/wp-json\/wp\/v2\/comments?post=2"}],"version-history":[{"count":4,"href":"https:\/\/forskningsdata.dk\/rdmnetvaerk\/wp-json\/wp\/v2\/pages\/2\/revisions"}],"predecessor-version":[{"id":24,"href":"https:\/\/forskningsdata.dk\/rdmnetvaerk\/wp-json\/wp\/v2\/pages\/2\/revisions\/24"}],"wp:attachment":[{"href":"https:\/\/forskningsdata.dk\/rdmnetvaerk\/wp-json\/wp\/v2\/media?parent=2"}],"curies":[{"name":"wp","href":"https:\/\/api.w.org\/{rel}","templated":true}]}}